{"id":70,"date":"2023-03-19T18:32:08","date_gmt":"2023-03-19T22:32:08","guid":{"rendered":"https:\/\/duofleurdange.com\/?page_id=70"},"modified":"2023-12-01T19:35:46","modified_gmt":"2023-12-01T23:35:46","slug":"about","status":"publish","type":"page","link":"https:\/\/duofleurdange.com\/en_ca\/about\/","title":{"rendered":"Le Duo"},"content":{"rendered":"<div data-elementor-type=\"wp-page\" data-elementor-id=\"70\" class=\"elementor elementor-70\">\n\t\t\t\t\t\t\t<header class=\"elementor-element elementor-element-2ea1ccfd e-con-full e-flex e-con e-parent\" data-id=\"2ea1ccfd\" data-element_type=\"container\" data-settings=\"{&quot;content_width&quot;:&quot;full&quot;}\" data-core-v316-plus=\"true\">\n\t\t\t\t<div class=\"elementor-element elementor-element-1dee4aff elementor-widget__width-initial elementor-widget elementor-widget-image\" data-id=\"1dee4aff\" data-element_type=\"widget\" data-widget_type=\"image.default\">\n\t\t\t\t<div class=\"elementor-widget-container\">\n\t\t\t<style>\/*! elementor - v3.17.0 - 08-11-2023 *\/\n.elementor-widget-image{text-align:center}.elementor-widget-image a{display:inline-block}.elementor-widget-image a img[src$=\".svg\"]{width:48px}.elementor-widget-image img{vertical-align:middle;display:inline-block}<\/style>\t\t\t\t\t\t\t\t\t\t\t\t<img loading=\"lazy\" decoding=\"async\" width=\"1365\" height=\"2048\" src=\"https:\/\/duofleurdange.com\/wp-content\/uploads\/2023\/03\/about-us-photo-DuoFD_playful-1365x2048.jpg\" class=\"attachment-2048x2048 size-2048x2048 wp-image-194\" alt=\"duo fleur d&#039;ange\" srcset=\"https:\/\/duofleurdange.com\/wp-content\/uploads\/2023\/03\/about-us-photo-DuoFD_playful-1365x2048.jpg 1365w, https:\/\/duofleurdange.com\/wp-content\/uploads\/2023\/03\/about-us-photo-DuoFD_playful-200x300.jpg 200w, https:\/\/duofleurdange.com\/wp-content\/uploads\/2023\/03\/about-us-photo-DuoFD_playful-683x1024.jpg 683w, https:\/\/duofleurdange.com\/wp-content\/uploads\/2023\/03\/about-us-photo-DuoFD_playful-768x1152.jpg 768w, https:\/\/duofleurdange.com\/wp-content\/uploads\/2023\/03\/about-us-photo-DuoFD_playful-1024x1536.jpg 1024w, https:\/\/duofleurdange.com\/wp-content\/uploads\/2023\/03\/about-us-photo-DuoFD_playful-scaled.jpg 1707w\" sizes=\"(max-width: 1365px) 100vw, 1365px\" \/>\t\t\t\t\t\t\t\t\t\t\t\t\t\t\t<\/div>\n\t\t\t\t<\/div>\n\t\t\t\t<div class=\"elementor-element elementor-element-32b674a elementor-widget__width-initial elementor-widget elementor-widget-image\" data-id=\"32b674a\" data-element_type=\"widget\" data-widget_type=\"image.default\">\n\t\t\t\t<div class=\"elementor-widget-container\">\n\t\t\t\t\t\t\t\t\t\t\t\t\t\t\t<img loading=\"lazy\" decoding=\"async\" width=\"750\" height=\"1334\" src=\"https:\/\/duofleurdange.com\/wp-content\/uploads\/2023\/06\/angel.jpg\" class=\"attachment-full size-full wp-image-586\" alt=\"\" srcset=\"https:\/\/duofleurdange.com\/wp-content\/uploads\/2023\/06\/angel.jpg 750w, https:\/\/duofleurdange.com\/wp-content\/uploads\/2023\/06\/angel-169x300.jpg 169w, https:\/\/duofleurdange.com\/wp-content\/uploads\/2023\/06\/angel-576x1024.jpg 576w\" sizes=\"(max-width: 750px) 100vw, 750px\" \/>\t\t\t\t\t\t\t\t\t\t\t\t\t\t\t<\/div>\n\t\t\t\t<\/div>\n\t\t\t\t<div class=\"elementor-element elementor-element-741cc67 elementor-widget elementor-widget-image\" data-id=\"741cc67\" data-element_type=\"widget\" data-widget_type=\"image.default\">\n\t\t\t\t<div class=\"elementor-widget-container\">\n\t\t\t\t\t\t\t\t\t\t\t\t\t\t\t<img decoding=\"async\" src=\"https:\/\/duofleurdange.com\/wp-content\/plugins\/elementor\/assets\/images\/placeholder.png\" title=\"\" alt=\"\" loading=\"lazy\" \/>\t\t\t\t\t\t\t\t\t\t\t\t\t\t\t<\/div>\n\t\t\t\t<\/div>\n\t\t\t\t<div class=\"elementor-element elementor-element-987edc9 elementor-widget elementor-widget-text-editor\" data-id=\"987edc9\" data-element_type=\"widget\" data-widget_type=\"text-editor.default\">\n\t\t\t\t<div class=\"elementor-widget-container\">\n\t\t\t<style>\/*! elementor - v3.17.0 - 08-11-2023 *\/\n.elementor-widget-text-editor.elementor-drop-cap-view-stacked .elementor-drop-cap{background-color:#69727d;color:#fff}.elementor-widget-text-editor.elementor-drop-cap-view-framed .elementor-drop-cap{color:#69727d;border:3px solid;background-color:transparent}.elementor-widget-text-editor:not(.elementor-drop-cap-view-default) .elementor-drop-cap{margin-top:8px}.elementor-widget-text-editor:not(.elementor-drop-cap-view-default) .elementor-drop-cap-letter{width:1em;height:1em}.elementor-widget-text-editor .elementor-drop-cap{float:left;text-align:center;line-height:1;font-size:50px}.elementor-widget-text-editor .elementor-drop-cap-letter{display:inline-block}<\/style>\t\t\t\t<h3>\u00a0<\/h3><h2 style=\"text-align: center;\"><img loading=\"lazy\" decoding=\"async\" class=\"wp-image-909 aligncenter\" src=\"http:\/\/duofleurdange.com\/wp-content\/uploads\/2023\/07\/about-section-262x300.jpg\" alt=\"\" width=\"90\" height=\"103\" srcset=\"https:\/\/duofleurdange.com\/wp-content\/uploads\/2023\/07\/about-section-262x300.jpg 262w, https:\/\/duofleurdange.com\/wp-content\/uploads\/2023\/07\/about-section-768x880.jpg 768w, https:\/\/duofleurdange.com\/wp-content\/uploads\/2023\/07\/about-section-10x12.jpg 10w, https:\/\/duofleurdange.com\/wp-content\/uploads\/2023\/07\/about-section.jpg 840w\" sizes=\"(max-width: 90px) 100vw, 90px\" \/><\/h2><h2 style=\"text-align: center; font-family: Gujarati Sangram MN, sans-serif; letter-spacing: 5px;\">ABOUT<\/h2><p style=\"text-align: left;\">Based in Quebec City, the ensemble Duo Fleur d\u2019Ange (Angelflower Duo) includes vocalist Angelina Lynne and harpist Yu-Fen Liu and was formed in 2022. They feel fortunate to have come into contact with each other during the pandemic and decided to share their passion for music together. Since then, the Quebec City duo has performed in the festival series Les Micros-Shows de Beaupr\u00e9, in benefit concerts for the Manor Mauvide-Genest at the \u00c9glise de-Saint-Jean-deI\u2019\u00cele d\u2019Orl\u00e9ans, and at the Eastman School of Music in New York. Besides performing public concerts, they also enjoy performing for private events, such as for the lovely residents of the Saint-Brigid\u2019s senior care home in Quebec City regularly.<\/p><p>Together, they represent a classic and angelic marriage of voice and harp, offering a multilingual repertoire of varied styles, from classical to contemporary, jazz, traditional and pop, that speaks to all ages and a combination of instrumental sounds that appeals to all. This musical duo will leave you inspired as they celebrate and share their joy of music!<\/p>\t\t\t\t\t\t<\/div>\n\t\t\t\t<\/div>\n\t\t\t\t<\/header>\n\t\t<div class=\"elementor-element elementor-element-3ab284d7 e-con-full e-flex e-con e-parent\" data-id=\"3ab284d7\" data-element_type=\"container\" data-settings=\"{&quot;background_background&quot;:&quot;classic&quot;,&quot;content_width&quot;:&quot;full&quot;}\" data-core-v316-plus=\"true\">\n\t\t<div class=\"elementor-element elementor-element-1ebc60c1 e-con-full e-flex e-con e-child\" data-id=\"1ebc60c1\" data-element_type=\"container\" data-settings=\"{&quot;content_width&quot;:&quot;full&quot;}\">\n\t\t\t\t<div class=\"elementor-element elementor-element-73d164f7 elementor-widget__width-initial elementor-widget elementor-widget-image\" data-id=\"73d164f7\" data-element_type=\"widget\" data-widget_type=\"image.default\">\n\t\t\t\t<div class=\"elementor-widget-container\">\n\t\t\t\t\t\t\t\t\t\t\t\t\t\t\t<img decoding=\"async\" src=\"https:\/\/duofleurdange.com\/wp-content\/uploads\/2023\/06\/Angelina_red_dress.jpeg\" title=\"Angelina_red_dress\" alt=\"Angelina_red_dress\" loading=\"lazy\" \/>\t\t\t\t\t\t\t\t\t\t\t\t\t\t\t<\/div>\n\t\t\t\t<\/div>\n\t\t\t\t<\/div>\n\t\t\t\t<div class=\"elementor-element elementor-element-c5579f9 elementor-widget__width-initial elementor-widget elementor-widget-text-editor\" data-id=\"c5579f9\" data-element_type=\"widget\" data-widget_type=\"text-editor.default\">\n\t\t\t\t<div class=\"elementor-widget-container\">\n\t\t\t\t\t\t\t<p><img loading=\"lazy\" decoding=\"async\" class=\"alignnone wp-image-586\" src=\"http:\/\/duofleurdange.com\/wp-content\/uploads\/2023\/06\/angel-169x300.jpg\" alt=\"\" width=\"108\" height=\"192\" srcset=\"https:\/\/duofleurdange.com\/wp-content\/uploads\/2023\/06\/angel-169x300.jpg 169w, https:\/\/duofleurdange.com\/wp-content\/uploads\/2023\/06\/angel-576x1024.jpg 576w, https:\/\/duofleurdange.com\/wp-content\/uploads\/2023\/06\/angel.jpg 750w\" sizes=\"(max-width: 108px) 100vw, 108px\" \/><\/p><h2 style=\"font-family: Gujarati Sangram MN, sans-serif; letter-spacing: 5px; text-align: center;\">ANGELINA LYNNE<\/h2><p style=\"text-align: right;\">Angelina Lynne is a versatile singer, musician and educator currently residing on \u00cele d\u2019Orl\u00e9ans. A classically trained soprano, Angelina enjoys singing in many genres. She has performed in various recitals, concerts and festivals in Canada and abroad, in the Middle East, Europe, New Zealand, the United States and Mexico. She holds a Bachelor of Music degree, a Master\u2019s degree in performance (voice) and is currently pursuing a Ph.D. in music education at Laval University.<\/p>\t\t\t\t\t\t<\/div>\n\t\t\t\t<\/div>\n\t\t\t\t<\/div>\n\t\t<div class=\"elementor-element elementor-element-2d4c95fa e-con-full e-flex e-con e-parent\" data-id=\"2d4c95fa\" data-element_type=\"container\" data-settings=\"{&quot;content_width&quot;:&quot;full&quot;}\" data-core-v316-plus=\"true\">\n\t\t<div class=\"elementor-element elementor-element-67072f76 e-con-full e-flex e-con e-child\" data-id=\"67072f76\" data-element_type=\"container\" data-settings=\"{&quot;content_width&quot;:&quot;full&quot;}\">\n\t\t<div class=\"elementor-element elementor-element-42dc3b0 e-con-full e-flex e-con e-child\" data-id=\"42dc3b0\" data-element_type=\"container\" data-settings=\"{&quot;content_width&quot;:&quot;full&quot;}\">\n\t\t\t\t<div class=\"elementor-element elementor-element-6028f42e elementor-widget__width-initial elementor-widget elementor-widget-image\" data-id=\"6028f42e\" data-element_type=\"widget\" data-widget_type=\"image.default\">\n\t\t\t\t<div class=\"elementor-widget-container\">\n\t\t\t\t\t\t\t\t\t\t\t\t\t\t\t<img decoding=\"async\" src=\"https:\/\/duofleurdange.com\/wp-content\/uploads\/2023\/03\/about-Y-photo-IMG_1626-BW-scaled.jpg\" title=\"about Y photo IMG_1626 B&#038;W\" alt=\"about Y photo IMG_1626 B&amp;W\" loading=\"lazy\" \/>\t\t\t\t\t\t\t\t\t\t\t\t\t\t\t<\/div>\n\t\t\t\t<\/div>\n\t\t\t\t<\/div>\n\t\t\t\t<\/div>\n\t\t<div class=\"elementor-element elementor-element-17f97cea e-con-full e-flex e-con e-child\" data-id=\"17f97cea\" data-element_type=\"container\" data-settings=\"{&quot;content_width&quot;:&quot;full&quot;}\">\n\t\t\t\t<div class=\"elementor-element elementor-element-96c965 elementor-widget__width-inherit elementor-widget elementor-widget-text-editor\" data-id=\"96c965\" data-element_type=\"widget\" data-widget_type=\"text-editor.default\">\n\t\t\t\t<div class=\"elementor-widget-container\">\n\t\t\t\t\t\t\t<p style=\"padding-left: 120px;\"><img loading=\"lazy\" decoding=\"async\" class=\"wp-image-602 alignright\" src=\"http:\/\/duofleurdange.com\/wp-content\/uploads\/2023\/06\/fleur-new.jpg\" alt=\"\" width=\"165\" height=\"118\" srcset=\"https:\/\/duofleurdange.com\/wp-content\/uploads\/2023\/06\/fleur-new.jpg 810w, https:\/\/duofleurdange.com\/wp-content\/uploads\/2023\/06\/fleur-new-300x214.jpg 300w, https:\/\/duofleurdange.com\/wp-content\/uploads\/2023\/06\/fleur-new-768x548.jpg 768w\" sizes=\"(max-width: 165px) 100vw, 165px\" \/><\/p><h2 style=\"text-align: center; font-family: Gujarati Sangram MN, sans-serif; letter-spacing: 5px;\">YU-FEN LIU<\/h2><p>Originally from Taiwan, harpist Yu-Fen Liu holds a Bachelor\u2019s and Master\u2019s degree in harp performance from the Manhattan School of Music in New York City, where she studied with Sarah Bullen, principal harpist of the New York Philharmonic and later of the Chicago Symphony Orchestra. Ms. Liu has performed with various orchestras in New York City, including a long relationship with Ureuk Symphony Orchestra, as well as with the City University of New York Contemporary Ensemble and the Young People\u2019s Concert Series at Lincoln Center. She was awarded the Lincoln Center Chamber Music Society Certificate of Merit in 1993. In addition to her classical performances, she also offers a wide range of musical styles. Since moving to Quebec, She has performed with the symphony orchestra and opera studio of Universit\u00e9 Laval, the Ensemble Lunatik, the Ensemble 27 and at different local and regional events.<\/p>\t\t\t\t\t\t<\/div>\n\t\t\t\t<\/div>\n\t\t\t\t<\/div>\n\t\t\t\t<\/div>\n\t\t\t\t\t\t\t<\/div>","protected":false},"excerpt":{"rendered":"<p>\u00a0 LE DUO Install\u00e9 \u00e0 Qu\u00e9bec, l&rsquo;ensemble Duo Fleur d&rsquo;Ange (Angelflower Duo) comprend la vocaliste Angelina Lynne et la harpiste [&hellip;]<\/p>","protected":false},"author":1,"featured_media":0,"parent":0,"menu_order":1,"comment_status":"closed","ping_status":"closed","template":"elementor_theme","meta":{"footnotes":""},"_links":{"self":[{"href":"https:\/\/duofleurdange.com\/en_ca\/wp-json\/wp\/v2\/pages\/70"}],"collection":[{"href":"https:\/\/duofleurdange.com\/en_ca\/wp-json\/wp\/v2\/pages"}],"about":[{"href":"https:\/\/duofleurdange.com\/en_ca\/wp-json\/wp\/v2\/types\/page"}],"author":[{"embeddable":true,"href":"https:\/\/duofleurdange.com\/en_ca\/wp-json\/wp\/v2\/users\/1"}],"replies":[{"embeddable":true,"href":"https:\/\/duofleurdange.com\/en_ca\/wp-json\/wp\/v2\/comments?post=70"}],"version-history":[{"count":406,"href":"https:\/\/duofleurdange.com\/en_ca\/wp-json\/wp\/v2\/pages\/70\/revisions"}],"predecessor-version":[{"id":1032,"href":"https:\/\/duofleurdange.com\/en_ca\/wp-json\/wp\/v2\/pages\/70\/revisions\/1032"}],"wp:attachment":[{"href":"https:\/\/duofleurdange.com\/en_ca\/wp-json\/wp\/v2\/media?parent=70"}],"curies":[{"name":"wp","href":"https:\/\/api.w.org\/{rel}","templated":true}]}}