{"id":775,"date":"2023-07-14T23:15:46","date_gmt":"2023-07-15T03:15:46","guid":{"rendered":"https:\/\/duofleurdange.com\/?page_id=775"},"modified":"2023-09-22T23:20:46","modified_gmt":"2023-09-23T03:20:46","slug":"private-events","status":"publish","type":"page","link":"https:\/\/duofleurdange.com\/en_ca\/private-events\/","title":{"rendered":"\u00c9v\u00e9nements priv\u00e9s"},"content":{"rendered":"<figure class=\"wp-block-image alignfull size-large\"><img loading=\"lazy\" decoding=\"async\" width=\"1024\" height=\"598\" src=\"http:\/\/duofleurdange.com\/wp-content\/uploads\/2023\/07\/Events-main-photo-DuoFDSinging-1-1024x598.jpg\" alt=\"\" class=\"wp-image-826\" srcset=\"https:\/\/duofleurdange.com\/wp-content\/uploads\/2023\/07\/Events-main-photo-DuoFDSinging-1-1024x598.jpg 1024w, https:\/\/duofleurdange.com\/wp-content\/uploads\/2023\/07\/Events-main-photo-DuoFDSinging-1-300x175.jpg 300w, https:\/\/duofleurdange.com\/wp-content\/uploads\/2023\/07\/Events-main-photo-DuoFDSinging-1-768x448.jpg 768w, https:\/\/duofleurdange.com\/wp-content\/uploads\/2023\/07\/Events-main-photo-DuoFDSinging-1-1536x897.jpg 1536w, https:\/\/duofleurdange.com\/wp-content\/uploads\/2023\/07\/Events-main-photo-DuoFDSinging-1-2048x1196.jpg 2048w, https:\/\/duofleurdange.com\/wp-content\/uploads\/2023\/07\/Events-main-photo-DuoFDSinging-1-18x12.jpg 18w\" sizes=\"(max-width: 1024px) 100vw, 1024px\" \/><\/figure>\n\n\n\n<div style=\"height:100px\" aria-hidden=\"true\" class=\"wp-block-spacer\"><\/div>\n\n\n\n<figure class=\"wp-block-image aligncenter size-medium is-resized\"><img loading=\"lazy\" decoding=\"async\" src=\"https:\/\/duofleurdange.com\/wp-content\/uploads\/2023\/07\/Events-website-image-300x294.jpg\" alt=\"\" class=\"wp-image-824\" style=\"width:99px;height:97px\" width=\"99\" height=\"97\" srcset=\"https:\/\/duofleurdange.com\/wp-content\/uploads\/2023\/07\/Events-website-image-300x294.jpg 300w, https:\/\/duofleurdange.com\/wp-content\/uploads\/2023\/07\/Events-website-image-1024x1002.jpg 1024w, https:\/\/duofleurdange.com\/wp-content\/uploads\/2023\/07\/Events-website-image-768x752.jpg 768w, https:\/\/duofleurdange.com\/wp-content\/uploads\/2023\/07\/Events-website-image-12x12.jpg 12w, https:\/\/duofleurdange.com\/wp-content\/uploads\/2023\/07\/Events-website-image.jpg 1140w\" sizes=\"(max-width: 99px) 100vw, 99px\" \/><\/figure>\n\n\n\n<p><\/p>\n\n\n\n<div style=\"height:47px\" aria-hidden=\"true\" class=\"wp-block-spacer\"><\/div>\n\n\n\n<h2 style=\"text-align: center; font-family: Gujarati Sangram MN, sans-serif; letter-spacing: 5px;\">PRIVATE EVENTS<\/h2>\n\n\n\n<div style=\"height:56px\" aria-hidden=\"true\" class=\"wp-block-spacer\"><\/div>\n\n\n\n<p>From anniversaries to baby showers, bridal parties to corporate events, whether you\u2019re looking for background music or feature music, indoors or outdoors, the unique combination of harp and voice will make it more memorable and enjoyable for you and your guests. We will work with you to make your event everything you wish it to be.<\/p>\n\n\n\n<div style=\"height:69px\" aria-hidden=\"true\" class=\"wp-block-spacer\"><\/div>","protected":false},"excerpt":{"rendered":"<p>\u00c9V\u00c9NEMENTS PRIV\u00c9S Qu&rsquo;il s&rsquo;agisse d&rsquo;un anniversaire, d&rsquo;une f\u00eate de naissance, d&rsquo;une f\u00eate nuptiale ou d&rsquo;un \u00e9v\u00e9nement d&rsquo;affaires, que vous recherchiez [&hellip;]<\/p>","protected":false},"author":1,"featured_media":0,"parent":0,"menu_order":7,"comment_status":"closed","ping_status":"closed","template":"","meta":{"footnotes":""},"_links":{"self":[{"href":"https:\/\/duofleurdange.com\/en_ca\/wp-json\/wp\/v2\/pages\/775"}],"collection":[{"href":"https:\/\/duofleurdange.com\/en_ca\/wp-json\/wp\/v2\/pages"}],"about":[{"href":"https:\/\/duofleurdange.com\/en_ca\/wp-json\/wp\/v2\/types\/page"}],"author":[{"embeddable":true,"href":"https:\/\/duofleurdange.com\/en_ca\/wp-json\/wp\/v2\/users\/1"}],"replies":[{"embeddable":true,"href":"https:\/\/duofleurdange.com\/en_ca\/wp-json\/wp\/v2\/comments?post=775"}],"version-history":[{"count":17,"href":"https:\/\/duofleurdange.com\/en_ca\/wp-json\/wp\/v2\/pages\/775\/revisions"}],"predecessor-version":[{"id":1013,"href":"https:\/\/duofleurdange.com\/en_ca\/wp-json\/wp\/v2\/pages\/775\/revisions\/1013"}],"wp:attachment":[{"href":"https:\/\/duofleurdange.com\/en_ca\/wp-json\/wp\/v2\/media?parent=775"}],"curies":[{"name":"wp","href":"https:\/\/api.w.org\/{rel}","templated":true}]}}