{"id":778,"date":"2023-07-14T23:16:18","date_gmt":"2023-07-15T03:16:18","guid":{"rendered":"https:\/\/duofleurdange.com\/?page_id=778"},"modified":"2023-09-22T23:18:25","modified_gmt":"2023-09-23T03:18:25","slug":"concerts","status":"publish","type":"page","link":"https:\/\/duofleurdange.com\/en_ca\/concerts\/","title":{"rendered":"Concerts"},"content":{"rendered":"<figure class=\"wp-block-image alignfull size-large\"><img loading=\"lazy\" decoding=\"async\" width=\"1024\" height=\"683\" src=\"https:\/\/duofleurdange.com\/wp-content\/uploads\/2023\/07\/Concerts-IMG_1621-1024x683.jpg\" alt=\"\" class=\"wp-image-809\" srcset=\"https:\/\/duofleurdange.com\/wp-content\/uploads\/2023\/07\/Concerts-IMG_1621-1024x683.jpg 1024w, https:\/\/duofleurdange.com\/wp-content\/uploads\/2023\/07\/Concerts-IMG_1621-300x200.jpg 300w, https:\/\/duofleurdange.com\/wp-content\/uploads\/2023\/07\/Concerts-IMG_1621-768x512.jpg 768w, https:\/\/duofleurdange.com\/wp-content\/uploads\/2023\/07\/Concerts-IMG_1621-1536x1024.jpg 1536w, https:\/\/duofleurdange.com\/wp-content\/uploads\/2023\/07\/Concerts-IMG_1621-2048x1365.jpg 2048w, https:\/\/duofleurdange.com\/wp-content\/uploads\/2023\/07\/Concerts-IMG_1621-18x12.jpg 18w\" sizes=\"(max-width: 1024px) 100vw, 1024px\" \/><\/figure>\n\n\n\n<div style=\"height:91px\" aria-hidden=\"true\" class=\"wp-block-spacer\"><\/div>\n\n\n\n<figure class=\"wp-block-image aligncenter size-medium is-resized\"><img loading=\"lazy\" decoding=\"async\" src=\"https:\/\/duofleurdange.com\/wp-content\/uploads\/2023\/07\/Concerts-image-300x193.jpg\" alt=\"\" class=\"wp-image-815\" width=\"140\" height=\"97\"\/><\/figure>\n\n\n\n<div style=\"height:44px\" aria-hidden=\"true\" class=\"wp-block-spacer\"><\/div>\n\n\n\n<h2 style=\"text-align: center;\"><\/h2>\n<h2 style=\"text-align: center; font-family: Gujarati Sangram MN, sans-serif; letter-spacing: 5px;\">CONCERTS<\/h2>\n\n\n\n<div style=\"height:37px\" aria-hidden=\"true\" class=\"wp-block-spacer\"><\/div>\n\n\n\n<p>Whether in the sacred space of a church or in the public square at a festival, people everywhere will appreciate how the sound of harp with voice can convey a wide range of atmospheres, from grandeur to intimacy, depending on the occasion.<\/p>\n\n\n\n<div style=\"height:71px\" aria-hidden=\"true\" class=\"wp-block-spacer\"><\/div>","protected":false},"excerpt":{"rendered":"<p>CONCERTS Que ce soit dans l&rsquo;espace sacr\u00e9 d&rsquo;une \u00e9glise ou devant le public \u00e0 un festival, tout le monde appr\u00e9ciera [&hellip;]<\/p>","protected":false},"author":1,"featured_media":0,"parent":0,"menu_order":6,"comment_status":"closed","ping_status":"closed","template":"","meta":{"footnotes":""},"_links":{"self":[{"href":"https:\/\/duofleurdange.com\/en_ca\/wp-json\/wp\/v2\/pages\/778"}],"collection":[{"href":"https:\/\/duofleurdange.com\/en_ca\/wp-json\/wp\/v2\/pages"}],"about":[{"href":"https:\/\/duofleurdange.com\/en_ca\/wp-json\/wp\/v2\/types\/page"}],"author":[{"embeddable":true,"href":"https:\/\/duofleurdange.com\/en_ca\/wp-json\/wp\/v2\/users\/1"}],"replies":[{"embeddable":true,"href":"https:\/\/duofleurdange.com\/en_ca\/wp-json\/wp\/v2\/comments?post=778"}],"version-history":[{"count":18,"href":"https:\/\/duofleurdange.com\/en_ca\/wp-json\/wp\/v2\/pages\/778\/revisions"}],"predecessor-version":[{"id":995,"href":"https:\/\/duofleurdange.com\/en_ca\/wp-json\/wp\/v2\/pages\/778\/revisions\/995"}],"wp:attachment":[{"href":"https:\/\/duofleurdange.com\/en_ca\/wp-json\/wp\/v2\/media?parent=778"}],"curies":[{"name":"wp","href":"https:\/\/api.w.org\/{rel}","templated":true}]}}